{"id":251,"date":"2025-04-13T23:40:02","date_gmt":"2025-04-13T23:40:02","guid":{"rendered":"https:\/\/paris7cab.com\/a-proposito\/"},"modified":"2025-04-30T11:39:44","modified_gmt":"2025-04-30T11:39:44","slug":"sobre-nosotros","status":"publish","type":"page","link":"https:\/\/paris7cab.com\/es\/sobre-nosotros\/","title":{"rendered":"Sobre nosotros"},"content":{"rendered":"\t\t<div data-elementor-type=\"wp-page\" data-elementor-id=\"251\" class=\"elementor elementor-251 elementor-12\" data-elementor-post-type=\"page\">\n\t\t\t\t\t\t<section class=\"elementor-section elementor-top-section elementor-element elementor-element-de77948 elementor-section-height-min-height elementor-section-boxed elementor-section-height-default elementor-section-items-middle\" data-id=\"de77948\" data-element_type=\"section\" data-e-type=\"section\" data-settings=\"{&quot;background_background&quot;:&quot;classic&quot;}\">\n\t\t\t\t\t\t\t<div class=\"elementor-background-overlay\"><\/div>\n\t\t\t\t\t\t\t<div class=\"elementor-container elementor-column-gap-default\">\n\t\t\t\t\t<div class=\"elementor-column elementor-col-100 elementor-top-column elementor-element elementor-element-a1ab6d4\" data-id=\"a1ab6d4\" data-element_type=\"column\" data-e-type=\"column\">\n\t\t\t<div class=\"elementor-widget-wrap elementor-element-populated\">\n\t\t\t\t\t\t<div class=\"elementor-element elementor-element-cf11836 de_scroll_animation_no elementor-widget elementor-widget-heading\" data-id=\"cf11836\" data-element_type=\"widget\" data-e-type=\"widget\" data-widget_type=\"heading.default\">\n\t\t\t\t<div class=\"elementor-widget-container\">\n\t\t\t\t\t<h2 class=\"elementor-heading-title elementor-size-default\">Sobre nosotros<\/h2>\t\t\t\t<\/div>\n\t\t\t\t<\/div>\n\t\t\t\t\t<\/div>\n\t\t<\/div>\n\t\t\t\t\t<\/div>\n\t\t<\/section>\n\t\t\t\t<section class=\"elementor-section elementor-top-section elementor-element elementor-element-9b44b53 elementor-reverse-mobile elementor-section-boxed elementor-section-height-default elementor-section-height-default\" data-id=\"9b44b53\" data-element_type=\"section\" data-e-type=\"section\">\n\t\t\t\t\t\t<div class=\"elementor-container elementor-column-gap-default\">\n\t\t\t\t\t<div class=\"elementor-column elementor-col-50 elementor-top-column elementor-element elementor-element-e470e56\" data-id=\"e470e56\" data-element_type=\"column\" data-e-type=\"column\" data-settings=\"{&quot;background_background&quot;:&quot;classic&quot;}\">\n\t\t\t<div class=\"elementor-widget-wrap elementor-element-populated\">\n\t\t\t\t\t\t<div class=\"elementor-element elementor-element-748d821 de_scroll_animation_no elementor-invisible elementor-widget elementor-widget-image\" data-id=\"748d821\" data-element_type=\"widget\" data-e-type=\"widget\" data-settings=\"{&quot;_animation&quot;:&quot;fadeInUp&quot;}\" data-widget_type=\"image.default\">\n\t\t\t\t<div class=\"elementor-widget-container\">\n\t\t\t\t\t\t\t\t\t\t\t\t\t\t\t<img fetchpriority=\"high\" decoding=\"async\" width=\"1333\" height=\"2000\" src=\"https:\/\/paris7cab.com\/wp-content\/uploads\/2025\/04\/chauffeur-packs-a-suitcase-into-luxury-car.jpg\" class=\"attachment-full size-full wp-image-182\" alt=\"transport priv\u00e9 paris sur mesure\" srcset=\"https:\/\/paris7cab.com\/wp-content\/uploads\/2025\/04\/chauffeur-packs-a-suitcase-into-luxury-car.jpg 1333w, https:\/\/paris7cab.com\/wp-content\/uploads\/2025\/04\/chauffeur-packs-a-suitcase-into-luxury-car-200x300.jpg 200w, https:\/\/paris7cab.com\/wp-content\/uploads\/2025\/04\/chauffeur-packs-a-suitcase-into-luxury-car-682x1024.jpg 682w, https:\/\/paris7cab.com\/wp-content\/uploads\/2025\/04\/chauffeur-packs-a-suitcase-into-luxury-car-768x1152.jpg 768w, https:\/\/paris7cab.com\/wp-content\/uploads\/2025\/04\/chauffeur-packs-a-suitcase-into-luxury-car-1024x1536.jpg 1024w\" sizes=\"(max-width: 1333px) 100vw, 1333px\" \/>\t\t\t\t\t\t\t\t\t\t\t\t\t\t\t<\/div>\n\t\t\t\t<\/div>\n\t\t\t\t\t<\/div>\n\t\t<\/div>\n\t\t\t\t<div class=\"elementor-column elementor-col-50 elementor-top-column elementor-element elementor-element-d7fc788\" data-id=\"d7fc788\" data-element_type=\"column\" data-e-type=\"column\">\n\t\t\t<div class=\"elementor-widget-wrap elementor-element-populated\">\n\t\t\t\t\t\t<div class=\"elementor-element elementor-element-127be1a de_scroll_animation_no elementor-invisible elementor-widget elementor-widget-heading\" data-id=\"127be1a\" data-element_type=\"widget\" data-e-type=\"widget\" data-settings=\"{&quot;_animation&quot;:&quot;fadeInUp&quot;,&quot;_animation_delay&quot;:200}\" data-widget_type=\"heading.default\">\n\t\t\t\t<div class=\"elementor-widget-container\">\n\t\t\t\t\t<h2 class=\"elementor-heading-title elementor-size-default\">Conductores excepcionales, viajes a medida.<\/h2>\t\t\t\t<\/div>\n\t\t\t\t<\/div>\n\t\t\t\t<div class=\"elementor-element elementor-element-4ecf9a9 de_scroll_animation_no elementor-invisible elementor-widget elementor-widget-text-editor\" data-id=\"4ecf9a9\" data-element_type=\"widget\" data-e-type=\"widget\" data-settings=\"{&quot;_animation&quot;:&quot;fadeInRight&quot;}\" data-widget_type=\"text-editor.default\">\n\t\t\t\t<div class=\"elementor-widget-container\">\n\t\t\t\t\t\t\t\t\t<p class=\"p1\"><span class=\"s1\"><b>Paris7Cab<\/b><\/span>, su socio de confianza para todos sus <span class=\"s1\"><b>traslados privados<\/b><\/span> en Par\u00eds e \u00cele-de-France. Con m\u00e1s <span class=\"s1\"><b>de 15 a\u00f1os de experiencia<\/b><\/span>, ponemos a tu servicio un equipo de conductores profesionales, corteses y <span class=\"s1\"><b>puntuales<\/b><\/span>, para acompa\u00f1arte con total tranquilidad. <\/p><p class=\"p1\">Ya sea para un <span class=\"s1\"><b>traslado a aeropuertos<\/b><\/span> (CDG, Orly), <span class=\"s1\"><b>estaciones de tren parisinas<\/b><\/span>, una visita a <span class=\"s1\"><b>monumentos<\/b><\/span>, un viaje a un parque de atracciones o una <span class=\"s1\"><b>oferta<\/b><\/span> <span class=\"s1\"><b>a medida<\/b><\/span>, le ofrecemos un servicio de alta gama, fiable y adaptado a sus necesidades.<\/p><p class=\"p1\">Viaja con tranquilidad a bordo de nuestros c\u00f3modos veh\u00edculos, que incluyen una selecci\u00f3n de <span class=\"s1\"><b>furgonetas de lujo<\/b><\/span> y <span class=\"s1\"><b>veh\u00edculos el\u00e9ctricos<\/b><\/span>. Si lo desea, tambi\u00e9n proporcionamos <span class=\"s1\"><b>asientos de autom\u00f3vil<\/b><\/span> para sus hijos. <\/p><p class=\"p1\">Con Paris7Cab, cada viaje se convierte en una experiencia agradable, a tiempo y con total seguridad.<\/p>\t\t\t\t\t\t\t\t<\/div>\n\t\t\t\t<\/div>\n\t\t\t\t\t<\/div>\n\t\t<\/div>\n\t\t\t\t\t<\/div>\n\t\t<\/section>\n\t\t\t\t<section class=\"elementor-section elementor-top-section elementor-element elementor-element-9de5fff elementor-section-boxed elementor-section-height-default elementor-section-height-default elementor-invisible\" data-id=\"9de5fff\" data-element_type=\"section\" data-e-type=\"section\" data-settings=\"{&quot;background_background&quot;:&quot;classic&quot;,&quot;animation&quot;:&quot;zoomIn&quot;}\">\n\t\t\t\t\t\t\t<div class=\"elementor-background-overlay\"><\/div>\n\t\t\t\t\t\t\t<div class=\"elementor-container elementor-column-gap-default\">\n\t\t\t\t\t<div class=\"elementor-column elementor-col-100 elementor-top-column elementor-element elementor-element-36a6c4e animated-slow elementor-invisible\" data-id=\"36a6c4e\" data-element_type=\"column\" data-e-type=\"column\" data-settings=\"{&quot;animation&quot;:&quot;fadeIn&quot;}\">\n\t\t\t<div class=\"elementor-widget-wrap elementor-element-populated\">\n\t\t\t\t\t\t<div class=\"elementor-element elementor-element-8bbf2c4 de_scroll_animation_no elementor-invisible elementor-widget elementor-widget-heading\" data-id=\"8bbf2c4\" data-element_type=\"widget\" data-e-type=\"widget\" data-settings=\"{&quot;_animation&quot;:&quot;fadeInUp&quot;,&quot;_animation_delay&quot;:200}\" data-widget_type=\"heading.default\">\n\t\t\t\t<div class=\"elementor-widget-container\">\n\t\t\t\t\t<h3 class=\"elementor-heading-title elementor-size-default\">Reserva tu conductor ahora<\/h3>\t\t\t\t<\/div>\n\t\t\t\t<\/div>\n\t\t\t\t<div class=\"elementor-element elementor-element-554dc1d de_scroll_animation_no elementor-widget elementor-widget-text-editor\" data-id=\"554dc1d\" data-element_type=\"widget\" data-e-type=\"widget\" data-widget_type=\"text-editor.default\">\n\t\t\t\t<div class=\"elementor-widget-container\">\n\t\t\t\t\t\t\t\t\t<p class=\"p1\"><b>Viaja con tranquilidad con un conductor de confianza<\/b><\/p>\t\t\t\t\t\t\t\t<\/div>\n\t\t\t\t<\/div>\n\t\t\t\t<div class=\"elementor-element elementor-element-8107f0b elementor-shape-rounded elementor-grid-0 e-grid-align-center de_scroll_animation_no elementor-widget elementor-widget-social-icons\" data-id=\"8107f0b\" data-element_type=\"widget\" data-e-type=\"widget\" data-widget_type=\"social-icons.default\">\n\t\t\t\t<div class=\"elementor-widget-container\">\n\t\t\t\t\t\t\t<div class=\"elementor-social-icons-wrapper elementor-grid\">\n\t\t\t\t\t\t\t<span class=\"elementor-grid-item\">\n\t\t\t\t\t<a class=\"elementor-icon elementor-social-icon elementor-social-icon-whatsapp elementor-repeater-item-5e0620f\" href=\"https:\/\/api.whatsapp.com\/send?phone=+33699230499&#038;text=Bonjour\" target=\"_blank\">\n\t\t\t\t\t\t<span class=\"elementor-screen-only\">Whatsapp<\/span>\n\t\t\t\t\t\t<svg aria-hidden=\"true\" class=\"e-font-icon-svg e-fab-whatsapp\" viewBox=\"0 0 448 512\" xmlns=\"http:\/\/www.w3.org\/2000\/svg\"><path d=\"M380.9 97.1C339 55.1 283.2 32 223.9 32c-122.4 0-222 99.6-222 222 0 39.1 10.2 77.3 29.6 111L0 480l117.7-30.9c32.4 17.7 68.9 27 106.1 27h.1c122.3 0 224.1-99.6 224.1-222 0-59.3-25.2-115-67.1-157zm-157 341.6c-33.2 0-65.7-8.9-94-25.7l-6.7-4-69.8 18.3L72 359.2l-4.4-7c-18.5-29.4-28.2-63.3-28.2-98.2 0-101.7 82.8-184.5 184.6-184.5 49.3 0 95.6 19.2 130.4 54.1 34.8 34.9 56.2 81.2 56.1 130.5 0 101.8-84.9 184.6-186.6 184.6zm101.2-138.2c-5.5-2.8-32.8-16.2-37.9-18-5.1-1.9-8.8-2.8-12.5 2.8-3.7 5.6-14.3 18-17.6 21.8-3.2 3.7-6.5 4.2-12 1.4-32.6-16.3-54-29.1-75.5-66-5.7-9.8 5.7-9.1 16.3-30.3 1.8-3.7.9-6.9-.5-9.7-1.4-2.8-12.5-30.1-17.1-41.2-4.5-10.8-9.1-9.3-12.5-9.5-3.2-.2-6.9-.2-10.6-.2-3.7 0-9.7 1.4-14.8 6.9-5.1 5.6-19.4 19-19.4 46.3 0 27.3 19.9 53.7 22.6 57.4 2.8 3.7 39.1 59.7 94.8 83.8 35.2 15.2 49 16.5 66.6 13.9 10.7-1.6 32.8-13.4 37.4-26.4 4.6-13 4.6-24.1 3.2-26.4-1.3-2.5-5-3.9-10.5-6.6z\"><\/path><\/svg>\t\t\t\t\t<\/a>\n\t\t\t\t<\/span>\n\t\t\t\t\t<\/div>\n\t\t\t\t\t\t<\/div>\n\t\t\t\t<\/div>\n\t\t\t\t\t<\/div>\n\t\t<\/div>\n\t\t\t\t\t<\/div>\n\t\t<\/section>\n\t\t\t\t<\/div>\n\t\t","protected":false},"excerpt":{"rendered":"<p>Sobre nosotros Conductores excepcionales, viajes a medida. Paris7Cab, su socio de confianza para todos sus traslados privados en Par\u00eds e \u00cele-de-France. Con m\u00e1s de 15 a\u00f1os de experiencia, ponemos a tu servicio un equipo de conductores profesionales, corteses y puntuales, para acompa\u00f1arte con total tranquilidad. Ya sea para un traslado a aeropuertos (CDG, Orly), estaciones [&hellip;]<\/p>\n","protected":false},"author":1,"featured_media":0,"parent":0,"menu_order":0,"comment_status":"closed","ping_status":"closed","template":"elementor_header_footer","meta":{"footnotes":""},"class_list":["post-251","page","type-page","status-publish","hentry"],"yoast_head":"<!-- This site is optimized with the Yoast SEO plugin v25.6 - https:\/\/yoast.com\/wordpress\/plugins\/seo\/ -->\n<title>Sobre nosotros - Paris7Cab<\/title>\n<meta name=\"robots\" content=\"index, follow, max-snippet:-1, max-image-preview:large, max-video-preview:-1\" \/>\n<link rel=\"canonical\" href=\"https:\/\/paris7cab.com\/es\/sobre-nosotros\/\" \/>\n<meta property=\"og:locale\" content=\"es_ES\" \/>\n<meta property=\"og:type\" content=\"article\" \/>\n<meta property=\"og:title\" content=\"Sobre nosotros - Paris7Cab\" \/>\n<meta property=\"og:description\" content=\"Sobre nosotros Conductores excepcionales, viajes a medida. Paris7Cab, su socio de confianza para todos sus traslados privados en Par\u00eds e \u00cele-de-France. Con m\u00e1s de 15 a\u00f1os de experiencia, ponemos a tu servicio un equipo de conductores profesionales, corteses y puntuales, para acompa\u00f1arte con total tranquilidad. Ya sea para un traslado a aeropuertos (CDG, Orly), estaciones [&hellip;]\" \/>\n<meta property=\"og:url\" content=\"https:\/\/paris7cab.com\/es\/sobre-nosotros\/\" \/>\n<meta property=\"og:site_name\" content=\"Paris7Cab\" \/>\n<meta property=\"article:modified_time\" content=\"2025-04-30T11:39:44+00:00\" \/>\n<meta property=\"og:image\" content=\"https:\/\/paris7cab.com\/wp-content\/uploads\/2025\/04\/chauffeur-packs-a-suitcase-into-luxury-car.jpg\" \/>\n<meta name=\"twitter:card\" content=\"summary_large_image\" \/>\n<meta name=\"twitter:label1\" content=\"Tiempo de lectura\" \/>\n\t<meta name=\"twitter:data1\" content=\"1 minuto\" \/>\n<script type=\"application\/ld+json\" class=\"yoast-schema-graph\">{\"@context\":\"https:\/\/schema.org\",\"@graph\":[{\"@type\":\"WebPage\",\"@id\":\"https:\/\/paris7cab.com\/es\/sobre-nosotros\/\",\"url\":\"https:\/\/paris7cab.com\/es\/sobre-nosotros\/\",\"name\":\"Sobre nosotros - Paris7Cab\",\"isPartOf\":{\"@id\":\"https:\/\/paris7cab.com\/es\/#website\"},\"primaryImageOfPage\":{\"@id\":\"https:\/\/paris7cab.com\/es\/sobre-nosotros\/#primaryimage\"},\"image\":{\"@id\":\"https:\/\/paris7cab.com\/es\/sobre-nosotros\/#primaryimage\"},\"thumbnailUrl\":\"https:\/\/paris7cab.com\/wp-content\/uploads\/2025\/04\/chauffeur-packs-a-suitcase-into-luxury-car.jpg\",\"datePublished\":\"2025-04-13T23:40:02+00:00\",\"dateModified\":\"2025-04-30T11:39:44+00:00\",\"breadcrumb\":{\"@id\":\"https:\/\/paris7cab.com\/es\/sobre-nosotros\/#breadcrumb\"},\"inLanguage\":\"es\",\"potentialAction\":[{\"@type\":\"ReadAction\",\"target\":[\"https:\/\/paris7cab.com\/es\/sobre-nosotros\/\"]}]},{\"@type\":\"ImageObject\",\"inLanguage\":\"es\",\"@id\":\"https:\/\/paris7cab.com\/es\/sobre-nosotros\/#primaryimage\",\"url\":\"https:\/\/paris7cab.com\/wp-content\/uploads\/2025\/04\/chauffeur-packs-a-suitcase-into-luxury-car.jpg\",\"contentUrl\":\"https:\/\/paris7cab.com\/wp-content\/uploads\/2025\/04\/chauffeur-packs-a-suitcase-into-luxury-car.jpg\"},{\"@type\":\"BreadcrumbList\",\"@id\":\"https:\/\/paris7cab.com\/es\/sobre-nosotros\/#breadcrumb\",\"itemListElement\":[{\"@type\":\"ListItem\",\"position\":1,\"name\":\"Home\",\"item\":\"https:\/\/paris7cab.com\/es\/recepcion\/\"},{\"@type\":\"ListItem\",\"position\":2,\"name\":\"Sobre nosotros\"}]},{\"@type\":\"WebSite\",\"@id\":\"https:\/\/paris7cab.com\/es\/#website\",\"url\":\"https:\/\/paris7cab.com\/es\/\",\"name\":\"Paris7Cab\",\"description\":\"Transport priv\u00e9 \u00e0 Paris - On Time\",\"potentialAction\":[{\"@type\":\"SearchAction\",\"target\":{\"@type\":\"EntryPoint\",\"urlTemplate\":\"https:\/\/paris7cab.com\/es\/?s={search_term_string}\"},\"query-input\":{\"@type\":\"PropertyValueSpecification\",\"valueRequired\":true,\"valueName\":\"search_term_string\"}}],\"inLanguage\":\"es\"}]}<\/script>\n<!-- \/ Yoast SEO plugin. -->","yoast_head_json":{"title":"Sobre nosotros - Paris7Cab","robots":{"index":"index","follow":"follow","max-snippet":"max-snippet:-1","max-image-preview":"max-image-preview:large","max-video-preview":"max-video-preview:-1"},"canonical":"https:\/\/paris7cab.com\/es\/sobre-nosotros\/","og_locale":"es_ES","og_type":"article","og_title":"Sobre nosotros - Paris7Cab","og_description":"Sobre nosotros Conductores excepcionales, viajes a medida. Paris7Cab, su socio de confianza para todos sus traslados privados en Par\u00eds e \u00cele-de-France. Con m\u00e1s de 15 a\u00f1os de experiencia, ponemos a tu servicio un equipo de conductores profesionales, corteses y puntuales, para acompa\u00f1arte con total tranquilidad. Ya sea para un traslado a aeropuertos (CDG, Orly), estaciones [&hellip;]","og_url":"https:\/\/paris7cab.com\/es\/sobre-nosotros\/","og_site_name":"Paris7Cab","article_modified_time":"2025-04-30T11:39:44+00:00","og_image":[{"url":"https:\/\/paris7cab.com\/wp-content\/uploads\/2025\/04\/chauffeur-packs-a-suitcase-into-luxury-car.jpg","type":"","width":"","height":""}],"twitter_card":"summary_large_image","twitter_misc":{"Tiempo de lectura":"1 minuto"},"schema":{"@context":"https:\/\/schema.org","@graph":[{"@type":"WebPage","@id":"https:\/\/paris7cab.com\/es\/sobre-nosotros\/","url":"https:\/\/paris7cab.com\/es\/sobre-nosotros\/","name":"Sobre nosotros - Paris7Cab","isPartOf":{"@id":"https:\/\/paris7cab.com\/es\/#website"},"primaryImageOfPage":{"@id":"https:\/\/paris7cab.com\/es\/sobre-nosotros\/#primaryimage"},"image":{"@id":"https:\/\/paris7cab.com\/es\/sobre-nosotros\/#primaryimage"},"thumbnailUrl":"https:\/\/paris7cab.com\/wp-content\/uploads\/2025\/04\/chauffeur-packs-a-suitcase-into-luxury-car.jpg","datePublished":"2025-04-13T23:40:02+00:00","dateModified":"2025-04-30T11:39:44+00:00","breadcrumb":{"@id":"https:\/\/paris7cab.com\/es\/sobre-nosotros\/#breadcrumb"},"inLanguage":"es","potentialAction":[{"@type":"ReadAction","target":["https:\/\/paris7cab.com\/es\/sobre-nosotros\/"]}]},{"@type":"ImageObject","inLanguage":"es","@id":"https:\/\/paris7cab.com\/es\/sobre-nosotros\/#primaryimage","url":"https:\/\/paris7cab.com\/wp-content\/uploads\/2025\/04\/chauffeur-packs-a-suitcase-into-luxury-car.jpg","contentUrl":"https:\/\/paris7cab.com\/wp-content\/uploads\/2025\/04\/chauffeur-packs-a-suitcase-into-luxury-car.jpg"},{"@type":"BreadcrumbList","@id":"https:\/\/paris7cab.com\/es\/sobre-nosotros\/#breadcrumb","itemListElement":[{"@type":"ListItem","position":1,"name":"Home","item":"https:\/\/paris7cab.com\/es\/recepcion\/"},{"@type":"ListItem","position":2,"name":"Sobre nosotros"}]},{"@type":"WebSite","@id":"https:\/\/paris7cab.com\/es\/#website","url":"https:\/\/paris7cab.com\/es\/","name":"Paris7Cab","description":"Transport priv\u00e9 \u00e0 Paris - On Time","potentialAction":[{"@type":"SearchAction","target":{"@type":"EntryPoint","urlTemplate":"https:\/\/paris7cab.com\/es\/?s={search_term_string}"},"query-input":{"@type":"PropertyValueSpecification","valueRequired":true,"valueName":"search_term_string"}}],"inLanguage":"es"}]}},"_links":{"self":[{"href":"https:\/\/paris7cab.com\/es\/wp-json\/wp\/v2\/pages\/251","targetHints":{"allow":["GET"]}}],"collection":[{"href":"https:\/\/paris7cab.com\/es\/wp-json\/wp\/v2\/pages"}],"about":[{"href":"https:\/\/paris7cab.com\/es\/wp-json\/wp\/v2\/types\/page"}],"author":[{"embeddable":true,"href":"https:\/\/paris7cab.com\/es\/wp-json\/wp\/v2\/users\/1"}],"replies":[{"embeddable":true,"href":"https:\/\/paris7cab.com\/es\/wp-json\/wp\/v2\/comments?post=251"}],"version-history":[{"count":4,"href":"https:\/\/paris7cab.com\/es\/wp-json\/wp\/v2\/pages\/251\/revisions"}],"predecessor-version":[{"id":281,"href":"https:\/\/paris7cab.com\/es\/wp-json\/wp\/v2\/pages\/251\/revisions\/281"}],"wp:attachment":[{"href":"https:\/\/paris7cab.com\/es\/wp-json\/wp\/v2\/media?parent=251"}],"curies":[{"name":"wp","href":"https:\/\/api.w.org\/{rel}","templated":true}]}}