{"id":235,"date":"2025-04-13T23:34:25","date_gmt":"2025-04-13T23:34:25","guid":{"rendered":"https:\/\/paris7cab.com\/politica-de-privacidad\/"},"modified":"2025-04-30T10:48:30","modified_gmt":"2025-04-30T10:48:30","slug":"politica-de-privacidad","status":"publish","type":"page","link":"https:\/\/paris7cab.com\/es\/politica-de-privacidad\/","title":{"rendered":"Pol\u00edtica de privacidad"},"content":{"rendered":"\t\t<div data-elementor-type=\"wp-page\" data-elementor-id=\"235\" class=\"elementor elementor-235 elementor-3\" data-elementor-post-type=\"page\">\n\t\t\t\t<div class=\"elementor-element elementor-element-4e7f0d49 e-flex e-con-boxed e-con e-parent\" data-id=\"4e7f0d49\" data-element_type=\"container\" data-e-type=\"container\">\n\t\t\t\t\t<div class=\"e-con-inner\">\n\t\t\t\t<div class=\"elementor-element elementor-element-6bcc0376 de_scroll_animation_no elementor-widget elementor-widget-text-editor\" data-id=\"6bcc0376\" data-element_type=\"widget\" data-e-type=\"widget\" data-widget_type=\"text-editor.default\">\n\t\t\t\t<div class=\"elementor-widget-container\">\n\t\t\t\t\t\t\t\t\t<p> <\/p><p> <\/p><p class=\"p1\">DECLARACI\u00d3N DE PRIVACIDAD<\/p><p class=\"p1\">\u2014-<\/p><p class=\"p1\">ART\u00cdCULO 1 \u2013 INFORMACI\u00d3N PERSONAL RECOPILADA<\/p><p class=\"p1\">Cuando realiza una compra en nuestro sitio, como parte de nuestro proceso de compra y venta, recopilamos la informaci\u00f3n personal que nos proporciona, como su nombre, direcci\u00f3n y direcci\u00f3n de correo electr\u00f3nico.<\/p><p class=\"p1\">Cuando navega por nuestra tienda, tambi\u00e9n recibimos autom\u00e1ticamente la direcci\u00f3n de Protocolo de Internet (IP) de su computadora, lo que nos permite obtener m\u00e1s detalles sobre el navegador y el sistema operativo que est\u00e1 utilizando.<\/p><p class=\"p1\">Marketing por correo electr\u00f3nico (si corresponde): Con su permiso, podemos enviarle correos electr\u00f3nicos sobre nuestra tienda, nuevos productos y otras actualizaciones.<\/p><p class=\"p1\">ART\u00cdCULO 2 \u2013 CONSENTIMIENTO<\/p><p class=\"p1\">\u00bfC\u00f3mo obtienen mi consentimiento?<\/p><p class=\"p1\">Cuando nos proporciona su informaci\u00f3n personal para completar una transacci\u00f3n, verificar su tarjeta de cr\u00e9dito, realizar un pedido, programar una entrega o devolver una compra, asumimos que acepta que recopilemos su informaci\u00f3n y la utilicemos solo para ese fin.<\/p><p class=\"p1\">Si le pedimos que nos proporcione su informaci\u00f3n personal por otro motivo, como con fines de marketing, le pediremos directamente su consentimiento expl\u00edcito o le daremos la oportunidad de excluirse.<\/p><p class=\"p1\">\u00bfC\u00f3mo puedo retirar mi consentimiento?<\/p><p class=\"p1\">Si, despu\u00e9s de darnos su consentimiento, cambia de opini\u00f3n y ya no da su consentimiento para que nos comuniquemos con usted, recopilemos su informaci\u00f3n o la divulguemos, puede notific\u00e1rnoslo poni\u00e9ndose en contacto con nosotros a trav\u00e9s de la p\u00e1gina de contacto.<\/p><p class=\"p1\">ART\u00cdCULO 3 \u2013 DIVULGACI\u00d3N<\/p><p class=\"p1\">Podemos divulgar su informaci\u00f3n personal si as\u00ed lo exige la ley o si viola nuestros T\u00e9rminos y Condiciones de Venta y Uso.<\/p><p class=\"p1\">ART\u00cdCULO 4 \u2013 Alojamiento<\/p><p class=\"p1\">El host del sitio web: Hosty \u2013 HLHinvest \u2013 651 N Broad St, New Castle 19709<\/p><p class=\"p1\">Sus datos se almacenan en el sistema de almacenamiento de datos y las bases de datos de Hosty.<\/p><p class=\"p1\">Pago:<\/p><p class=\"p1\">Si realiza su compra a trav\u00e9s de una pasarela de pago directo, en ese caso Stripe (el procesador de pagos) almacenar\u00e1 la informaci\u00f3n de su tarjeta de cr\u00e9dito. Esta informaci\u00f3n est\u00e1 encriptada de acuerdo con el Est\u00e1ndar de Seguridad de Datos de la Industria de Tarjetas de Pago (PCI-DSS). La informaci\u00f3n relacionada con su transacci\u00f3n de compra se conserva durante el tiempo que sea necesario para completar su pedido. Una vez finalizado su pedido, se elimina la informaci\u00f3n de la transacci\u00f3n de compra.   <\/p><p class=\"p1\">Todas las pasarelas de pago directo cumplen con PCI-DSS, gestionadas por el PCI Security Standards Council, que es el resultado del esfuerzo conjunto de empresas como Visa, MasterCard, American Express y Discover.<\/p><p class=\"p1\">Los requisitos del est\u00e1ndar PCI-DSS garantizan el procesamiento seguro de los datos de las tarjetas de cr\u00e9dito por parte de nuestra tienda y sus proveedores de servicios.<\/p><p class=\"p1\">ART\u00cdCULO 5 \u2013 SERVICIOS PRESTADOS POR TERCEROS<\/p><p class=\"p1\">Por lo general, los proveedores externos que utilizamos solo recopilar\u00e1n, utilizar\u00e1n y divulgar\u00e1n su informaci\u00f3n en la medida necesaria para realizar los servicios que nos brindan.<\/p><p class=\"p1\">Sin embargo, algunos proveedores de servicios externos, como pasarelas de pago y otros procesadores de transacciones de pago, tienen sus propias pol\u00edticas de privacidad con respecto a la informaci\u00f3n que debemos proporcionarles para sus transacciones de compra.<\/p><p class=\"p1\">Con respecto a estos proveedores, le recomendamos que lea atentamente sus pol\u00edticas de privacidad para que pueda comprender c\u00f3mo manejar\u00e1n su informaci\u00f3n personal.<\/p><p class=\"p1\">Tenga en cuenta que algunos proveedores pueden estar ubicados o tener instalaciones ubicadas en una jurisdicci\u00f3n diferente a la suya o a la nuestra. Por lo tanto, si decide realizar una transacci\u00f3n que requiere los servicios de un proveedor externo, su informaci\u00f3n puede regirse por las leyes de la jurisdicci\u00f3n en la que se encuentra ese proveedor o las leyes de la jurisdicci\u00f3n en la que se encuentran sus instalaciones. <\/p><p class=\"p1\">Por ejemplo, si usted se encuentra en Canad\u00e1 y su transacci\u00f3n es procesada por una pasarela de pago ubicada en los Estados Unidos, la informaci\u00f3n que se utiliz\u00f3 para completar la transacci\u00f3n puede ser divulgada bajo la ley de los Estados Unidos, incluida la Ley Patriota.<\/p><p class=\"p1\">Una vez que abandone el sitio de nuestra tienda o sea redirigido al sitio web o la aplicaci\u00f3n de un tercero, ya no se regir\u00e1 por esta Pol\u00edtica de privacidad ni por los T\u00e9rminos y condiciones de venta y uso de nuestro sitio web.<\/p><p class=\"p1\">Enlaces<\/p><p class=\"p1\">Puede salir de nuestro sitio web haciendo clic en ciertos enlaces de nuestro sitio. No somos responsables de las pr\u00e1cticas de privacidad de estos otros sitios y le recomendamos que lea atentamente sus pol\u00edticas de privacidad. <\/p><p class=\"p1\">ART\u00cdCULO 6 \u2013 SEGURIDAD<\/p><p class=\"p1\">Para proteger sus datos personales, tomamos precauciones razonables y seguimos las mejores pr\u00e1cticas de la industria para garantizar que no se pierdan, se apropien indebidamente, se acceda a ellos, se divulguen, alteren o destruyan de manera inapropiada.<\/p><p class=\"p1\">Si nos proporciona la informaci\u00f3n de su tarjeta de cr\u00e9dito, esta se cifrar\u00e1 mediante el protocolo de seguridad SSL y se almacenar\u00e1 con cifrado AES-256. Si bien ning\u00fan m\u00e9todo de transmisi\u00f3n a trav\u00e9s de Internet o almacenamiento electr\u00f3nico es 100% seguro, seguimos todos los requisitos de PCI-DSS e implementamos est\u00e1ndares adicionales de la industria generalmente reconocidos. <\/p><p class=\"p1\">GALLETAS<\/p><p class=\"p1\">La siguiente es una lista de las cookies que utilizamos. Los hemos enumerado aqu\u00ed para que tenga la opci\u00f3n de elegir si desea permitirlos o no. <\/p><p class=\"p1\"><b>wordpress_logged_in_[hash], se utiliza para indicar cu\u00e1ndo ha iniciado sesi\u00f3n y qui\u00e9n es.<\/p><p class=\"p1\"><b>wordpress_[hash] <\/b>para almacenar los detalles de autenticaci\u00f3n durante el inicio de sesi\u00f3n.<\/p><p class=\"p1\"><b>wp-settings-{time}-[UID]<\/b> se utiliza para <b>personalizar la visualizaci\u00f3n de su interfaz de administraci\u00f3n <\/b>y la interfaz del sitio web.<\/p><p class=\"p1\"><b>wordpress_test_cookie<\/b> comprobar si las cookies est\u00e1n habilitadas en el navegador<\/p><p class=\"p1\"><b>comment_author_[hash]<\/b> para recordar el valor ingresado en el campo Nombre del formulario de comentarios<\/p><p class=\"p1\"><b>comment_author_email_[hash]<\/b> para recordar el valor ingresado en el campo de correo electr\u00f3nico del formulario de comentarios<\/p><p class=\"p1\"><b>comment_author_url_[hash]<\/b> para recordar el valor ingresado en el campo URL del formulario de comentarios.<\/p><p class=\"p1\">ART\u00cdCULO 7 \u2013 EDAD DE CONSENTIMIENTO<\/p><p class=\"p1\">Al utilizar este sitio, usted declara que tiene al menos la mayor\u00eda de edad en su estado o provincia de residencia, y que nos ha dado su consentimiento para permitir que cualquier menor dependiente en su jurisdicci\u00f3n utilice este sitio web.<\/p><p class=\"p1\">ART\u00cdCULO 8 \u2013 CAMBIOS EN ESTA POL\u00cdTICA DE PRIVACIDAD<\/p><p class=\"p1\">Nos reservamos el derecho de cambiar esta Pol\u00edtica de Privacidad en cualquier momento, por lo que le rogamos que la revise con frecuencia. Los cambios y aclaraciones entrar\u00e1n en vigor inmediatamente despu\u00e9s de su publicaci\u00f3n en el sitio web. Si realizamos alg\u00fan cambio en el contenido de esta pol\u00edtica, le notificaremos aqu\u00ed que se ha actualizado, para que est\u00e9 al tanto de qu\u00e9 informaci\u00f3n recopilamos, c\u00f3mo la usamos y bajo qu\u00e9 circunstancias, si las hay, la divulgamos.  <\/p><p class=\"p1\">Si nuestra tienda es adquirida o se fusiona con otra empresa, su informaci\u00f3n puede ser transferida a los nuevos propietarios para que podamos seguir vendi\u00e9ndole productos.<\/p><p class=\"p1\">ART\u00cdCULO 9 \u2013 COMERCIALIZACI\u00d3N POR SMS<\/p><p class=\"p1\">Valoramos su privacidad y la informaci\u00f3n que consiente compartir en relaci\u00f3n con nuestro servicio de marketing por SMS. Utilizamos esta informaci\u00f3n para enviarle notificaciones por SMS (para su pedido, incluidos los recordatorios de pago abandonados), ofertas de marketing por SMS y SMS transaccionales, incluidas nuestras solicitudes de revisi\u00f3n. <\/p><p class=\"p1\">Nuestro sitio web utiliza cookies para realizar un seguimiento de los art\u00edculos que ha puesto en su carrito de compras, incluso cuando ha abandonado su pedido. Esta informaci\u00f3n se utiliza para determinar cu\u00e1ndo enviar mensajes de recordatorio del carrito a trav\u00e9s de SMS. <\/p><p class=\"p1\">PREGUNTAS E INFORMACI\u00d3N DE CONTACTO<\/p><p class=\"p1\">Si desea: acceder, corregir, modificar o eliminar cualquier informaci\u00f3n personal que tengamos sobre usted, presentar una queja o simplemente desea obtener m\u00e1s informaci\u00f3n, comun\u00edquese con nuestro Oficial de Privacidad a trav\u00e9s de la p\u00e1gina de contacto.<\/p><p> <\/p><p> <\/p><p> <\/p>\t\t\t\t\t\t\t\t<\/div>\n\t\t\t\t<\/div>\n\t\t\t\t\t<\/div>\n\t\t\t\t<\/div>\n\t\t\t\t<\/div>\n\t\t","protected":false},"excerpt":{"rendered":"<p>DECLARACI\u00d3N DE PRIVACIDAD \u2014- ART\u00cdCULO 1 \u2013 INFORMACI\u00d3N PERSONAL RECOPILADA Cuando realiza una compra en nuestro sitio, como parte de nuestro proceso de compra y venta, recopilamos la informaci\u00f3n personal que nos proporciona, como su nombre, direcci\u00f3n y direcci\u00f3n de correo electr\u00f3nico. Cuando navega por nuestra tienda, tambi\u00e9n recibimos autom\u00e1ticamente la direcci\u00f3n de Protocolo de [&hellip;]<\/p>\n","protected":false},"author":1,"featured_media":0,"parent":0,"menu_order":0,"comment_status":"closed","ping_status":"closed","template":"elementor_header_footer","meta":{"footnotes":""},"class_list":["post-235","page","type-page","status-publish","hentry"],"yoast_head":"<!-- This site is optimized with the Yoast SEO plugin v25.6 - https:\/\/yoast.com\/wordpress\/plugins\/seo\/ -->\n<title>Pol\u00edtica de privacidad - Paris7Cab<\/title>\n<meta name=\"robots\" content=\"index, follow, max-snippet:-1, max-image-preview:large, max-video-preview:-1\" \/>\n<link rel=\"canonical\" href=\"https:\/\/paris7cab.com\/es\/politica-de-privacidad\/\" \/>\n<meta property=\"og:locale\" content=\"es_ES\" \/>\n<meta property=\"og:type\" content=\"article\" \/>\n<meta property=\"og:title\" content=\"Pol\u00edtica de privacidad - Paris7Cab\" \/>\n<meta property=\"og:description\" content=\"DECLARACI\u00d3N DE PRIVACIDAD \u2014- ART\u00cdCULO 1 \u2013 INFORMACI\u00d3N PERSONAL RECOPILADA Cuando realiza una compra en nuestro sitio, como parte de nuestro proceso de compra y venta, recopilamos la informaci\u00f3n personal que nos proporciona, como su nombre, direcci\u00f3n y direcci\u00f3n de correo electr\u00f3nico. Cuando navega por nuestra tienda, tambi\u00e9n recibimos autom\u00e1ticamente la direcci\u00f3n de Protocolo de [&hellip;]\" \/>\n<meta property=\"og:url\" content=\"https:\/\/paris7cab.com\/es\/politica-de-privacidad\/\" \/>\n<meta property=\"og:site_name\" content=\"Paris7Cab\" \/>\n<meta property=\"article:modified_time\" content=\"2025-04-30T10:48:30+00:00\" \/>\n<meta name=\"twitter:card\" content=\"summary_large_image\" \/>\n<meta name=\"twitter:label1\" content=\"Tiempo de lectura\" \/>\n\t<meta name=\"twitter:data1\" content=\"7 minutos\" \/>\n<script type=\"application\/ld+json\" class=\"yoast-schema-graph\">{\"@context\":\"https:\/\/schema.org\",\"@graph\":[{\"@type\":\"WebPage\",\"@id\":\"https:\/\/paris7cab.com\/es\/politica-de-privacidad\/\",\"url\":\"https:\/\/paris7cab.com\/es\/politica-de-privacidad\/\",\"name\":\"Pol\u00edtica de privacidad - Paris7Cab\",\"isPartOf\":{\"@id\":\"https:\/\/paris7cab.com\/es\/#website\"},\"datePublished\":\"2025-04-13T23:34:25+00:00\",\"dateModified\":\"2025-04-30T10:48:30+00:00\",\"breadcrumb\":{\"@id\":\"https:\/\/paris7cab.com\/es\/politica-de-privacidad\/#breadcrumb\"},\"inLanguage\":\"es\",\"potentialAction\":[{\"@type\":\"ReadAction\",\"target\":[\"https:\/\/paris7cab.com\/es\/politica-de-privacidad\/\"]}]},{\"@type\":\"BreadcrumbList\",\"@id\":\"https:\/\/paris7cab.com\/es\/politica-de-privacidad\/#breadcrumb\",\"itemListElement\":[{\"@type\":\"ListItem\",\"position\":1,\"name\":\"Home\",\"item\":\"https:\/\/paris7cab.com\/es\/recepcion\/\"},{\"@type\":\"ListItem\",\"position\":2,\"name\":\"Pol\u00edtica de privacidad\"}]},{\"@type\":\"WebSite\",\"@id\":\"https:\/\/paris7cab.com\/es\/#website\",\"url\":\"https:\/\/paris7cab.com\/es\/\",\"name\":\"Paris7Cab\",\"description\":\"Transport priv\u00e9 \u00e0 Paris - On Time\",\"potentialAction\":[{\"@type\":\"SearchAction\",\"target\":{\"@type\":\"EntryPoint\",\"urlTemplate\":\"https:\/\/paris7cab.com\/es\/?s={search_term_string}\"},\"query-input\":{\"@type\":\"PropertyValueSpecification\",\"valueRequired\":true,\"valueName\":\"search_term_string\"}}],\"inLanguage\":\"es\"}]}<\/script>\n<!-- \/ Yoast SEO plugin. -->","yoast_head_json":{"title":"Pol\u00edtica de privacidad - Paris7Cab","robots":{"index":"index","follow":"follow","max-snippet":"max-snippet:-1","max-image-preview":"max-image-preview:large","max-video-preview":"max-video-preview:-1"},"canonical":"https:\/\/paris7cab.com\/es\/politica-de-privacidad\/","og_locale":"es_ES","og_type":"article","og_title":"Pol\u00edtica de privacidad - Paris7Cab","og_description":"DECLARACI\u00d3N DE PRIVACIDAD \u2014- ART\u00cdCULO 1 \u2013 INFORMACI\u00d3N PERSONAL RECOPILADA Cuando realiza una compra en nuestro sitio, como parte de nuestro proceso de compra y venta, recopilamos la informaci\u00f3n personal que nos proporciona, como su nombre, direcci\u00f3n y direcci\u00f3n de correo electr\u00f3nico. Cuando navega por nuestra tienda, tambi\u00e9n recibimos autom\u00e1ticamente la direcci\u00f3n de Protocolo de [&hellip;]","og_url":"https:\/\/paris7cab.com\/es\/politica-de-privacidad\/","og_site_name":"Paris7Cab","article_modified_time":"2025-04-30T10:48:30+00:00","twitter_card":"summary_large_image","twitter_misc":{"Tiempo de lectura":"7 minutos"},"schema":{"@context":"https:\/\/schema.org","@graph":[{"@type":"WebPage","@id":"https:\/\/paris7cab.com\/es\/politica-de-privacidad\/","url":"https:\/\/paris7cab.com\/es\/politica-de-privacidad\/","name":"Pol\u00edtica de privacidad - Paris7Cab","isPartOf":{"@id":"https:\/\/paris7cab.com\/es\/#website"},"datePublished":"2025-04-13T23:34:25+00:00","dateModified":"2025-04-30T10:48:30+00:00","breadcrumb":{"@id":"https:\/\/paris7cab.com\/es\/politica-de-privacidad\/#breadcrumb"},"inLanguage":"es","potentialAction":[{"@type":"ReadAction","target":["https:\/\/paris7cab.com\/es\/politica-de-privacidad\/"]}]},{"@type":"BreadcrumbList","@id":"https:\/\/paris7cab.com\/es\/politica-de-privacidad\/#breadcrumb","itemListElement":[{"@type":"ListItem","position":1,"name":"Home","item":"https:\/\/paris7cab.com\/es\/recepcion\/"},{"@type":"ListItem","position":2,"name":"Pol\u00edtica de privacidad"}]},{"@type":"WebSite","@id":"https:\/\/paris7cab.com\/es\/#website","url":"https:\/\/paris7cab.com\/es\/","name":"Paris7Cab","description":"Transport priv\u00e9 \u00e0 Paris - On Time","potentialAction":[{"@type":"SearchAction","target":{"@type":"EntryPoint","urlTemplate":"https:\/\/paris7cab.com\/es\/?s={search_term_string}"},"query-input":{"@type":"PropertyValueSpecification","valueRequired":true,"valueName":"search_term_string"}}],"inLanguage":"es"}]}},"_links":{"self":[{"href":"https:\/\/paris7cab.com\/es\/wp-json\/wp\/v2\/pages\/235","targetHints":{"allow":["GET"]}}],"collection":[{"href":"https:\/\/paris7cab.com\/es\/wp-json\/wp\/v2\/pages"}],"about":[{"href":"https:\/\/paris7cab.com\/es\/wp-json\/wp\/v2\/types\/page"}],"author":[{"embeddable":true,"href":"https:\/\/paris7cab.com\/es\/wp-json\/wp\/v2\/users\/1"}],"replies":[{"embeddable":true,"href":"https:\/\/paris7cab.com\/es\/wp-json\/wp\/v2\/comments?post=235"}],"version-history":[{"count":1,"href":"https:\/\/paris7cab.com\/es\/wp-json\/wp\/v2\/pages\/235\/revisions"}],"predecessor-version":[{"id":237,"href":"https:\/\/paris7cab.com\/es\/wp-json\/wp\/v2\/pages\/235\/revisions\/237"}],"wp:attachment":[{"href":"https:\/\/paris7cab.com\/es\/wp-json\/wp\/v2\/media?parent=235"}],"curies":[{"name":"wp","href":"https:\/\/api.w.org\/{rel}","templated":true}]}}