{"id":220,"date":"2025-04-13T23:40:16","date_gmt":"2025-04-13T23:40:16","guid":{"rendered":"https:\/\/paris7cab.com\/contacto\/"},"modified":"2025-07-10T14:39:09","modified_gmt":"2025-07-10T14:39:09","slug":"contacto","status":"publish","type":"page","link":"https:\/\/paris7cab.com\/es\/contacto\/","title":{"rendered":"Contacto"},"content":{"rendered":"\t\t<div data-elementor-type=\"wp-page\" data-elementor-id=\"220\" class=\"elementor elementor-220 elementor-16\" data-elementor-post-type=\"page\">\n\t\t\t\t\t\t<section class=\"elementor-section elementor-top-section elementor-element elementor-element-08267d2 elementor-section-height-min-height elementor-section-boxed elementor-section-height-default elementor-section-items-middle\" data-id=\"08267d2\" data-element_type=\"section\" data-e-type=\"section\" data-settings=\"{&quot;background_background&quot;:&quot;classic&quot;}\">\n\t\t\t\t\t\t\t<div class=\"elementor-background-overlay\"><\/div>\n\t\t\t\t\t\t\t<div class=\"elementor-container elementor-column-gap-default\">\n\t\t\t\t\t<div class=\"elementor-column elementor-col-100 elementor-top-column elementor-element elementor-element-a023ee2\" data-id=\"a023ee2\" data-element_type=\"column\" data-e-type=\"column\">\n\t\t\t<div class=\"elementor-widget-wrap elementor-element-populated\">\n\t\t\t\t\t\t<div class=\"elementor-element elementor-element-ee8e3c8 de_scroll_animation_no elementor-widget elementor-widget-heading\" data-id=\"ee8e3c8\" data-element_type=\"widget\" data-e-type=\"widget\" data-widget_type=\"heading.default\">\n\t\t\t\t<div class=\"elementor-widget-container\">\n\t\t\t\t\t<h2 class=\"elementor-heading-title elementor-size-default\">Reserva de taxis Par\u00eds \u2013 Contacto Par\u00eds 7 Cab chuffeur priv\u00e9<\/h2>\t\t\t\t<\/div>\n\t\t\t\t<\/div>\n\t\t\t\t\t<\/div>\n\t\t<\/div>\n\t\t\t\t\t<\/div>\n\t\t<\/section>\n\t\t\t\t<section class=\"elementor-section elementor-top-section elementor-element elementor-element-6096c42 elementor-reverse-tablet elementor-reverse-mobile elementor-section-boxed elementor-section-height-default elementor-section-height-default\" data-id=\"6096c42\" data-element_type=\"section\" data-e-type=\"section\">\n\t\t\t\t\t\t<div class=\"elementor-container elementor-column-gap-default\">\n\t\t\t\t\t<div class=\"elementor-column elementor-col-50 elementor-top-column elementor-element elementor-element-a67af26\" data-id=\"a67af26\" data-element_type=\"column\" data-e-type=\"column\">\n\t\t\t<div class=\"elementor-widget-wrap elementor-element-populated\">\n\t\t\t\t\t\t<div class=\"elementor-element elementor-element-f368192 de_scroll_animation_no elementor-widget elementor-widget-image\" data-id=\"f368192\" data-element_type=\"widget\" data-e-type=\"widget\" data-widget_type=\"image.default\">\n\t\t\t\t<div class=\"elementor-widget-container\">\n\t\t\t\t\t\t\t\t\t\t\t\t\t\t\t<img fetchpriority=\"high\" decoding=\"async\" width=\"800\" height=\"533\" src=\"https:\/\/paris7cab.com\/wp-content\/uploads\/2025\/06\/luxury-vehicle-provided-for-a-private-airport-transfer-1024x682.jpg\" class=\"attachment-large size-large wp-image-308\" alt=\"r\u00e9servation taxi Paris\" srcset=\"https:\/\/paris7cab.com\/wp-content\/uploads\/2025\/06\/luxury-vehicle-provided-for-a-private-airport-transfer-1024x682.jpg 1024w, https:\/\/paris7cab.com\/wp-content\/uploads\/2025\/06\/luxury-vehicle-provided-for-a-private-airport-transfer-300x200.jpg 300w, https:\/\/paris7cab.com\/wp-content\/uploads\/2025\/06\/luxury-vehicle-provided-for-a-private-airport-transfer-768x512.jpg 768w, https:\/\/paris7cab.com\/wp-content\/uploads\/2025\/06\/luxury-vehicle-provided-for-a-private-airport-transfer-1536x1024.jpg 1536w, https:\/\/paris7cab.com\/wp-content\/uploads\/2025\/06\/luxury-vehicle-provided-for-a-private-airport-transfer.jpg 2000w\" sizes=\"(max-width: 800px) 100vw, 800px\" \/>\t\t\t\t\t\t\t\t\t\t\t\t\t\t\t<\/div>\n\t\t\t\t<\/div>\n\t\t\t\t<div class=\"elementor-element elementor-element-a57812c de_scroll_animation_no elementor-widget elementor-widget-heading\" data-id=\"a57812c\" data-element_type=\"widget\" data-e-type=\"widget\" data-widget_type=\"heading.default\">\n\t\t\t\t<div class=\"elementor-widget-container\">\n\t\t\t\t\t<h2 class=\"elementor-heading-title elementor-size-default\">Reserva de taxis Par\u00eds<\/h2>\t\t\t\t<\/div>\n\t\t\t\t<\/div>\n\t\t\t\t<div class=\"elementor-element elementor-element-b7c5093 de_scroll_animation_no elementor-widget elementor-widget-text-editor\" data-id=\"b7c5093\" data-element_type=\"widget\" data-e-type=\"widget\" data-widget_type=\"text-editor.default\">\n\t\t\t\t<div class=\"elementor-widget-container\">\n\t\t\t\t\t\t\t\t\t<p data-start=\"582\" data-end=\"765\">\u00bfNecesita un taxi privado en Par\u00eds? <strong data-start=\"615\" data-end=\"640\">P\u00f3ngase en contacto con Paris 7 Cab<\/strong> para su reserva de taxi en Par\u00eds. Le garantizamos un conductor profesional y puntual que est\u00e1 disponible las 24 horas del d\u00eda, los 7 d\u00edas de la semana. <\/p>\t\t\t\t\t\t\t\t<\/div>\n\t\t\t\t<\/div>\n\t\t\t\t<div class=\"elementor-element elementor-element-9b30ff3 de_scroll_animation_no elementor-widget elementor-widget-spacer\" data-id=\"9b30ff3\" data-element_type=\"widget\" data-e-type=\"widget\" data-widget_type=\"spacer.default\">\n\t\t\t\t<div class=\"elementor-widget-container\">\n\t\t\t\t\t\t\t<div class=\"elementor-spacer\">\n\t\t\t<div class=\"elementor-spacer-inner\"><\/div>\n\t\t<\/div>\n\t\t\t\t\t\t<\/div>\n\t\t\t\t<\/div>\n\t\t\t\t<div class=\"elementor-element elementor-element-f99c898 elementor-position-inline-start elementor-view-default elementor-mobile-position-block-start de_scroll_animation_no elementor-widget elementor-widget-icon-box\" data-id=\"f99c898\" data-element_type=\"widget\" data-e-type=\"widget\" data-widget_type=\"icon-box.default\">\n\t\t\t\t<div class=\"elementor-widget-container\">\n\t\t\t\t\t\t\t<div class=\"elementor-icon-box-wrapper\">\n\n\t\t\t\t\t\t<div class=\"elementor-icon-box-icon\">\n\t\t\t\t<a href=\"tel:+33699230499\" class=\"elementor-icon\" tabindex=\"-1\" aria-label=\"+33 6 99 23 04 99\">\n\t\t\t\t<i aria-hidden=\"true\" class=\"icon icon-phone-call1\"><\/i>\t\t\t\t<\/a>\n\t\t\t<\/div>\n\t\t\t\n\t\t\t\t\t\t<div class=\"elementor-icon-box-content\">\n\n\t\t\t\t\t\t\t\t\t<h3 class=\"elementor-icon-box-title\">\n\t\t\t\t\t\t<a href=\"tel:+33699230499\" >\n\t\t\t\t\t\t\t+33 6 99 23 04 99\t\t\t\t\t\t<\/a>\n\t\t\t\t\t<\/h3>\n\t\t\t\t\n\t\t\t\t\n\t\t\t<\/div>\n\t\t\t\n\t\t<\/div>\n\t\t\t\t\t\t<\/div>\n\t\t\t\t<\/div>\n\t\t\t\t<div class=\"elementor-element elementor-element-951120a de_scroll_animation_no elementor-widget elementor-widget-spacer\" data-id=\"951120a\" data-element_type=\"widget\" data-e-type=\"widget\" data-widget_type=\"spacer.default\">\n\t\t\t\t<div class=\"elementor-widget-container\">\n\t\t\t\t\t\t\t<div class=\"elementor-spacer\">\n\t\t\t<div class=\"elementor-spacer-inner\"><\/div>\n\t\t<\/div>\n\t\t\t\t\t\t<\/div>\n\t\t\t\t<\/div>\n\t\t\t\t<div class=\"elementor-element elementor-element-7a69bad elementor-position-inline-start elementor-view-default elementor-mobile-position-block-start de_scroll_animation_no elementor-widget elementor-widget-icon-box\" data-id=\"7a69bad\" data-element_type=\"widget\" data-e-type=\"widget\" data-widget_type=\"icon-box.default\">\n\t\t\t\t<div class=\"elementor-widget-container\">\n\t\t\t\t\t\t\t<div class=\"elementor-icon-box-wrapper\">\n\n\t\t\t\t\t\t<div class=\"elementor-icon-box-icon\">\n\t\t\t\t<a href=\"https:\/\/api.whatsapp.com\/send?phone=+33699230499&#038;text=Bonjour\" class=\"elementor-icon\" tabindex=\"-1\" aria-label=\"Whatsapp\">\n\t\t\t\t<svg aria-hidden=\"true\" class=\"e-font-icon-svg e-fab-whatsapp\" viewBox=\"0 0 448 512\" xmlns=\"http:\/\/www.w3.org\/2000\/svg\"><path d=\"M380.9 97.1C339 55.1 283.2 32 223.9 32c-122.4 0-222 99.6-222 222 0 39.1 10.2 77.3 29.6 111L0 480l117.7-30.9c32.4 17.7 68.9 27 106.1 27h.1c122.3 0 224.1-99.6 224.1-222 0-59.3-25.2-115-67.1-157zm-157 341.6c-33.2 0-65.7-8.9-94-25.7l-6.7-4-69.8 18.3L72 359.2l-4.4-7c-18.5-29.4-28.2-63.3-28.2-98.2 0-101.7 82.8-184.5 184.6-184.5 49.3 0 95.6 19.2 130.4 54.1 34.8 34.9 56.2 81.2 56.1 130.5 0 101.8-84.9 184.6-186.6 184.6zm101.2-138.2c-5.5-2.8-32.8-16.2-37.9-18-5.1-1.9-8.8-2.8-12.5 2.8-3.7 5.6-14.3 18-17.6 21.8-3.2 3.7-6.5 4.2-12 1.4-32.6-16.3-54-29.1-75.5-66-5.7-9.8 5.7-9.1 16.3-30.3 1.8-3.7.9-6.9-.5-9.7-1.4-2.8-12.5-30.1-17.1-41.2-4.5-10.8-9.1-9.3-12.5-9.5-3.2-.2-6.9-.2-10.6-.2-3.7 0-9.7 1.4-14.8 6.9-5.1 5.6-19.4 19-19.4 46.3 0 27.3 19.9 53.7 22.6 57.4 2.8 3.7 39.1 59.7 94.8 83.8 35.2 15.2 49 16.5 66.6 13.9 10.7-1.6 32.8-13.4 37.4-26.4 4.6-13 4.6-24.1 3.2-26.4-1.3-2.5-5-3.9-10.5-6.6z\"><\/path><\/svg>\t\t\t\t<\/a>\n\t\t\t<\/div>\n\t\t\t\n\t\t\t\t\t\t<div class=\"elementor-icon-box-content\">\n\n\t\t\t\t\t\t\t\t\t<h3 class=\"elementor-icon-box-title\">\n\t\t\t\t\t\t<a href=\"https:\/\/api.whatsapp.com\/send?phone=+33699230499&#038;text=Bonjour\" >\n\t\t\t\t\t\t\tWhatsapp\t\t\t\t\t\t<\/a>\n\t\t\t\t\t<\/h3>\n\t\t\t\t\n\t\t\t\t\n\t\t\t<\/div>\n\t\t\t\n\t\t<\/div>\n\t\t\t\t\t\t<\/div>\n\t\t\t\t<\/div>\n\t\t\t\t\t<\/div>\n\t\t<\/div>\n\t\t\t\t<div class=\"elementor-column elementor-col-50 elementor-top-column elementor-element elementor-element-60dab91\" data-id=\"60dab91\" data-element_type=\"column\" data-e-type=\"column\">\n\t\t\t<div class=\"elementor-widget-wrap elementor-element-populated\">\n\t\t\t\t\t\t<div class=\"elementor-element elementor-element-ede1561 de_scroll_animation_no elementor-widget elementor-widget-heading\" data-id=\"ede1561\" data-element_type=\"widget\" data-e-type=\"widget\" data-widget_type=\"heading.default\">\n\t\t\t\t<div class=\"elementor-widget-container\">\n\t\t\t\t\t<h2 class=\"elementor-heading-title elementor-size-default\">Cont\u00e1ctanos ahora<\/h2>\t\t\t\t<\/div>\n\t\t\t\t<\/div>\n\t\t\t\t<div class=\"elementor-element elementor-element-d3896d3 de_scroll_animation_no elementor-widget elementor-widget-text-editor\" data-id=\"d3896d3\" data-element_type=\"widget\" data-e-type=\"widget\" data-widget_type=\"text-editor.default\">\n\t\t\t\t<div class=\"elementor-widget-container\">\n\t\t\t\t\t\t\t\t\t<p>Respondemos r\u00e1pidamente a todas sus <strong data-start=\"981\" data-end=\"1007\">solicitudes de reservas de taxis en Par\u00eds<\/strong>, ya se trate de traslados al aeropuerto, visitas a la ciudad, parques de atracciones o provisi\u00f3n con conductor.<\/p>\t\t\t\t\t\t\t\t<\/div>\n\t\t\t\t<\/div>\n\t\t\t\t<div class=\"elementor-element elementor-element-fdb9b3c elementor-button-align-stretch de_scroll_animation_no elementor-widget elementor-widget-form\" data-id=\"fdb9b3c\" data-element_type=\"widget\" data-e-type=\"widget\" data-settings=\"{&quot;step_next_label&quot;:&quot;Pr\\u00f3ximo&quot;,&quot;step_previous_label&quot;:&quot;Anterior&quot;,&quot;button_width&quot;:&quot;100&quot;,&quot;step_type&quot;:&quot;number_text&quot;,&quot;step_icon_shape&quot;:&quot;circle&quot;}\" data-widget_type=\"form.default\">\n\t\t\t\t<div class=\"elementor-widget-container\">\n\t\t\t\t\t\t\t<form class=\"elementor-form\" method=\"post\" name=\"Nuevo formulario\" aria-label=\"Nuevo formulario\">\n\t\t\t<input type=\"hidden\" name=\"post_id\" value=\"220\"\/>\n\t\t\t<input type=\"hidden\" name=\"form_id\" value=\"fdb9b3c\"\/>\n\t\t\t<input type=\"hidden\" name=\"referer_title\" value=\"Reserva de taxis Par\u00eds \u2013 Contacto Par\u00eds 7 Cab chuffeur priv\u00e9\" \/>\n\n\t\t\t\t\t\t\t<input type=\"hidden\" name=\"queried_id\" value=\"220\"\/>\n\t\t\t\n\t\t\t<div class=\"elementor-form-fields-wrapper elementor-labels-\">\n\t\t\t\t\t\t\t\t<div class=\"elementor-field-type-text elementor-field-group elementor-column elementor-field-group-name elementor-col-50 elementor-field-required\">\n\t\t\t\t\t\t\t\t\t\t\t\t<label for=\"form-field-name\" class=\"elementor-field-label elementor-screen-only\">\n\t\t\t\t\t\t\t\tNombre\t\t\t\t\t\t\t<\/label>\n\t\t\t\t\t\t\t\t\t\t\t\t\t\t<input size=\"1\" type=\"text\" name=\"form_fields[name]\" id=\"form-field-name\" class=\"elementor-field elementor-size-sm  elementor-field-textual\" placeholder=\"Nombre\" required=\"required\">\n\t\t\t\t\t\t\t\t\t\t\t<\/div>\n\t\t\t\t\t\t\t\t<div class=\"elementor-field-type-text elementor-field-group elementor-column elementor-field-group-field_3a120b1 elementor-col-50 elementor-field-required\">\n\t\t\t\t\t\t\t\t\t\t\t\t<label for=\"form-field-field_3a120b1\" class=\"elementor-field-label elementor-screen-only\">\n\t\t\t\t\t\t\t\tNombre de pila\t\t\t\t\t\t\t<\/label>\n\t\t\t\t\t\t\t\t\t\t\t\t\t\t<input size=\"1\" type=\"text\" name=\"form_fields[field_3a120b1]\" id=\"form-field-field_3a120b1\" class=\"elementor-field elementor-size-sm  elementor-field-textual\" placeholder=\"Nombre de pila\" required=\"required\">\n\t\t\t\t\t\t\t\t\t\t\t<\/div>\n\t\t\t\t\t\t\t\t<div class=\"elementor-field-type-email elementor-field-group elementor-column elementor-field-group-email elementor-col-50 elementor-field-required\">\n\t\t\t\t\t\t\t\t\t\t\t\t<label for=\"form-field-email\" class=\"elementor-field-label elementor-screen-only\">\n\t\t\t\t\t\t\t\tCorreo electr\u00f3nico\t\t\t\t\t\t\t<\/label>\n\t\t\t\t\t\t\t\t\t\t\t\t\t\t<input size=\"1\" type=\"email\" name=\"form_fields[email]\" id=\"form-field-email\" class=\"elementor-field elementor-size-sm  elementor-field-textual\" placeholder=\"Correo electr\u00f3nico\" required=\"required\">\n\t\t\t\t\t\t\t\t\t\t\t<\/div>\n\t\t\t\t\t\t\t\t<div class=\"elementor-field-type-tel elementor-field-group elementor-column elementor-field-group-field_4693426 elementor-col-50 elementor-field-required\">\n\t\t\t\t\t\t\t\t\t\t\t\t<label for=\"form-field-field_4693426\" class=\"elementor-field-label elementor-screen-only\">\n\t\t\t\t\t\t\t\tTel\u00e9fono\t\t\t\t\t\t\t<\/label>\n\t\t\t\t\t\t\t\t<input size=\"1\" type=\"tel\" name=\"form_fields[field_4693426]\" id=\"form-field-field_4693426\" class=\"elementor-field elementor-size-sm  elementor-field-textual\" placeholder=\"Tel\u00e9fono\" required=\"required\" pattern=\"[0-9()#&amp;+*-=.]+\" title=\"Solo se aceptan n\u00fameros y caracteres de tel\u00e9fono (#,-,*,etc).\">\n\n\t\t\t\t\t\t<\/div>\n\t\t\t\t\t\t\t\t<div class=\"elementor-field-type-textarea elementor-field-group elementor-column elementor-field-group-message elementor-col-100 elementor-field-required\">\n\t\t\t\t\t\t\t\t\t\t\t\t<label for=\"form-field-message\" class=\"elementor-field-label elementor-screen-only\">\n\t\t\t\t\t\t\t\tMensaje\t\t\t\t\t\t\t<\/label>\n\t\t\t\t\t\t<textarea class=\"elementor-field-textual elementor-field  elementor-size-sm\" name=\"form_fields[message]\" id=\"form-field-message\" rows=\"4\" placeholder=\"Mensaje\" required=\"required\"><\/textarea>\t\t\t\t<\/div>\n\t\t\t\t\t\t\t\t<div class=\"elementor-field-group elementor-column elementor-field-type-submit elementor-col-100 e-form__buttons\">\n\t\t\t\t\t<button class=\"elementor-button elementor-size-sm\" type=\"submit\">\n\t\t\t\t\t\t<span class=\"elementor-button-content-wrapper\">\n\t\t\t\t\t\t\t\t\t\t\t\t\t\t\t\t\t\t\t\t\t\t<span class=\"elementor-button-text\">Enviar<\/span>\n\t\t\t\t\t\t\t\t\t\t\t\t\t<\/span>\n\t\t\t\t\t<\/button>\n\t\t\t\t<\/div>\n\t\t\t<\/div>\n\t\t<\/form>\n\t\t\t\t\t\t<\/div>\n\t\t\t\t<\/div>\n\t\t\t\t\t<\/div>\n\t\t<\/div>\n\t\t\t\t\t<\/div>\n\t\t<\/section>\n\t\t\t\t<\/div>\n\t\t","protected":false},"excerpt":{"rendered":"<p>Reserva de taxis Par\u00eds \u2013 Contacto Par\u00eds 7 Cab chuffeur priv\u00e9 Reserva de taxis Par\u00eds \u00bfNecesita un taxi privado en Par\u00eds? P\u00f3ngase en contacto con Paris 7 Cab para su reserva de taxi en Par\u00eds. Le garantizamos un conductor profesional y puntual que est\u00e1 disponible las 24 horas del d\u00eda, los 7 d\u00edas de la [&hellip;]<\/p>\n","protected":false},"author":1,"featured_media":0,"parent":0,"menu_order":0,"comment_status":"closed","ping_status":"closed","template":"elementor_header_footer","meta":{"footnotes":""},"class_list":["post-220","page","type-page","status-publish","hentry"],"yoast_head":"<!-- This site is optimized with the Yoast SEO plugin v25.6 - https:\/\/yoast.com\/wordpress\/plugins\/seo\/ -->\n<title>Reserva de taxis Par\u00eds \u2013 Contacto Par\u00eds 7 Cab chuffeur priv\u00e9<\/title>\n<meta name=\"description\" content=\"P\u00f3ngase en contacto con Paris 7 Cab para su reserva de taxi en Par\u00eds. Servicio r\u00e1pido, conductor profesional y respuesta inmediata.\" \/>\n<meta name=\"robots\" content=\"index, follow, max-snippet:-1, max-image-preview:large, max-video-preview:-1\" \/>\n<link rel=\"canonical\" href=\"https:\/\/paris7cab.com\/es\/contacto\/\" \/>\n<meta property=\"og:locale\" content=\"es_ES\" \/>\n<meta property=\"og:type\" content=\"article\" \/>\n<meta property=\"og:title\" content=\"Reserva de taxis Par\u00eds \u2013 Contacto Par\u00eds 7 Cab chuffeur priv\u00e9\" \/>\n<meta property=\"og:description\" content=\"P\u00f3ngase en contacto con Paris 7 Cab para su reserva de taxi en Par\u00eds. Servicio r\u00e1pido, conductor profesional y respuesta inmediata.\" \/>\n<meta property=\"og:url\" content=\"https:\/\/paris7cab.com\/es\/contacto\/\" \/>\n<meta property=\"og:site_name\" content=\"Paris7Cab\" \/>\n<meta property=\"article:modified_time\" content=\"2025-07-10T14:39:09+00:00\" \/>\n<meta property=\"og:image\" content=\"https:\/\/paris7cab.com\/wp-content\/uploads\/2025\/06\/luxury-vehicle-provided-for-a-private-airport-transfer.jpg\" \/>\n\t<meta property=\"og:image:width\" content=\"2000\" \/>\n\t<meta property=\"og:image:height\" content=\"1333\" \/>\n\t<meta property=\"og:image:type\" content=\"image\/jpeg\" \/>\n<meta name=\"twitter:card\" content=\"summary_large_image\" \/>\n<script type=\"application\/ld+json\" class=\"yoast-schema-graph\">{\"@context\":\"https:\/\/schema.org\",\"@graph\":[{\"@type\":\"WebPage\",\"@id\":\"https:\/\/paris7cab.com\/es\/contacto\/\",\"url\":\"https:\/\/paris7cab.com\/es\/contacto\/\",\"name\":\"Reserva de taxis Par\u00eds \u2013 Contacto Par\u00eds 7 Cab chuffeur priv\u00e9\",\"isPartOf\":{\"@id\":\"https:\/\/paris7cab.com\/es\/#website\"},\"primaryImageOfPage\":{\"@id\":\"https:\/\/paris7cab.com\/es\/contacto\/#primaryimage\"},\"image\":{\"@id\":\"https:\/\/paris7cab.com\/es\/contacto\/#primaryimage\"},\"thumbnailUrl\":\"https:\/\/paris7cab.com\/wp-content\/uploads\/2025\/06\/luxury-vehicle-provided-for-a-private-airport-transfer-1024x682.jpg\",\"datePublished\":\"2025-04-13T23:40:16+00:00\",\"dateModified\":\"2025-07-10T14:39:09+00:00\",\"description\":\"P\u00f3ngase en contacto con Paris 7 Cab para su reserva de taxi en Par\u00eds. Servicio r\u00e1pido, conductor profesional y respuesta inmediata.\",\"breadcrumb\":{\"@id\":\"https:\/\/paris7cab.com\/es\/contacto\/#breadcrumb\"},\"inLanguage\":\"es\",\"potentialAction\":[{\"@type\":\"ReadAction\",\"target\":[\"https:\/\/paris7cab.com\/es\/contacto\/\"]}]},{\"@type\":\"ImageObject\",\"inLanguage\":\"es\",\"@id\":\"https:\/\/paris7cab.com\/es\/contacto\/#primaryimage\",\"url\":\"https:\/\/paris7cab.com\/wp-content\/uploads\/2025\/06\/luxury-vehicle-provided-for-a-private-airport-transfer-1024x682.jpg\",\"contentUrl\":\"https:\/\/paris7cab.com\/wp-content\/uploads\/2025\/06\/luxury-vehicle-provided-for-a-private-airport-transfer-1024x682.jpg\"},{\"@type\":\"BreadcrumbList\",\"@id\":\"https:\/\/paris7cab.com\/es\/contacto\/#breadcrumb\",\"itemListElement\":[{\"@type\":\"ListItem\",\"position\":1,\"name\":\"Home\",\"item\":\"https:\/\/paris7cab.com\/es\/recepcion\/\"},{\"@type\":\"ListItem\",\"position\":2,\"name\":\"Contacto\"}]},{\"@type\":\"WebSite\",\"@id\":\"https:\/\/paris7cab.com\/es\/#website\",\"url\":\"https:\/\/paris7cab.com\/es\/\",\"name\":\"Paris7Cab\",\"description\":\"Transport priv\u00e9 \u00e0 Paris - On Time\",\"potentialAction\":[{\"@type\":\"SearchAction\",\"target\":{\"@type\":\"EntryPoint\",\"urlTemplate\":\"https:\/\/paris7cab.com\/es\/?s={search_term_string}\"},\"query-input\":{\"@type\":\"PropertyValueSpecification\",\"valueRequired\":true,\"valueName\":\"search_term_string\"}}],\"inLanguage\":\"es\"}]}<\/script>\n<!-- \/ Yoast SEO plugin. -->","yoast_head_json":{"title":"Reserva de taxis Par\u00eds \u2013 Contacto Par\u00eds 7 Cab chuffeur priv\u00e9","description":"P\u00f3ngase en contacto con Paris 7 Cab para su reserva de taxi en Par\u00eds. Servicio r\u00e1pido, conductor profesional y respuesta inmediata.","robots":{"index":"index","follow":"follow","max-snippet":"max-snippet:-1","max-image-preview":"max-image-preview:large","max-video-preview":"max-video-preview:-1"},"canonical":"https:\/\/paris7cab.com\/es\/contacto\/","og_locale":"es_ES","og_type":"article","og_title":"Reserva de taxis Par\u00eds \u2013 Contacto Par\u00eds 7 Cab chuffeur priv\u00e9","og_description":"P\u00f3ngase en contacto con Paris 7 Cab para su reserva de taxi en Par\u00eds. Servicio r\u00e1pido, conductor profesional y respuesta inmediata.","og_url":"https:\/\/paris7cab.com\/es\/contacto\/","og_site_name":"Paris7Cab","article_modified_time":"2025-07-10T14:39:09+00:00","og_image":[{"width":2000,"height":1333,"url":"https:\/\/paris7cab.com\/wp-content\/uploads\/2025\/06\/luxury-vehicle-provided-for-a-private-airport-transfer.jpg","type":"image\/jpeg"}],"twitter_card":"summary_large_image","schema":{"@context":"https:\/\/schema.org","@graph":[{"@type":"WebPage","@id":"https:\/\/paris7cab.com\/es\/contacto\/","url":"https:\/\/paris7cab.com\/es\/contacto\/","name":"Reserva de taxis Par\u00eds \u2013 Contacto Par\u00eds 7 Cab chuffeur priv\u00e9","isPartOf":{"@id":"https:\/\/paris7cab.com\/es\/#website"},"primaryImageOfPage":{"@id":"https:\/\/paris7cab.com\/es\/contacto\/#primaryimage"},"image":{"@id":"https:\/\/paris7cab.com\/es\/contacto\/#primaryimage"},"thumbnailUrl":"https:\/\/paris7cab.com\/wp-content\/uploads\/2025\/06\/luxury-vehicle-provided-for-a-private-airport-transfer-1024x682.jpg","datePublished":"2025-04-13T23:40:16+00:00","dateModified":"2025-07-10T14:39:09+00:00","description":"P\u00f3ngase en contacto con Paris 7 Cab para su reserva de taxi en Par\u00eds. Servicio r\u00e1pido, conductor profesional y respuesta inmediata.","breadcrumb":{"@id":"https:\/\/paris7cab.com\/es\/contacto\/#breadcrumb"},"inLanguage":"es","potentialAction":[{"@type":"ReadAction","target":["https:\/\/paris7cab.com\/es\/contacto\/"]}]},{"@type":"ImageObject","inLanguage":"es","@id":"https:\/\/paris7cab.com\/es\/contacto\/#primaryimage","url":"https:\/\/paris7cab.com\/wp-content\/uploads\/2025\/06\/luxury-vehicle-provided-for-a-private-airport-transfer-1024x682.jpg","contentUrl":"https:\/\/paris7cab.com\/wp-content\/uploads\/2025\/06\/luxury-vehicle-provided-for-a-private-airport-transfer-1024x682.jpg"},{"@type":"BreadcrumbList","@id":"https:\/\/paris7cab.com\/es\/contacto\/#breadcrumb","itemListElement":[{"@type":"ListItem","position":1,"name":"Home","item":"https:\/\/paris7cab.com\/es\/recepcion\/"},{"@type":"ListItem","position":2,"name":"Contacto"}]},{"@type":"WebSite","@id":"https:\/\/paris7cab.com\/es\/#website","url":"https:\/\/paris7cab.com\/es\/","name":"Paris7Cab","description":"Transport priv\u00e9 \u00e0 Paris - On Time","potentialAction":[{"@type":"SearchAction","target":{"@type":"EntryPoint","urlTemplate":"https:\/\/paris7cab.com\/es\/?s={search_term_string}"},"query-input":{"@type":"PropertyValueSpecification","valueRequired":true,"valueName":"search_term_string"}}],"inLanguage":"es"}]}},"_links":{"self":[{"href":"https:\/\/paris7cab.com\/es\/wp-json\/wp\/v2\/pages\/220","targetHints":{"allow":["GET"]}}],"collection":[{"href":"https:\/\/paris7cab.com\/es\/wp-json\/wp\/v2\/pages"}],"about":[{"href":"https:\/\/paris7cab.com\/es\/wp-json\/wp\/v2\/types\/page"}],"author":[{"embeddable":true,"href":"https:\/\/paris7cab.com\/es\/wp-json\/wp\/v2\/users\/1"}],"replies":[{"embeddable":true,"href":"https:\/\/paris7cab.com\/es\/wp-json\/wp\/v2\/comments?post=220"}],"version-history":[{"count":2,"href":"https:\/\/paris7cab.com\/es\/wp-json\/wp\/v2\/pages\/220\/revisions"}],"predecessor-version":[{"id":378,"href":"https:\/\/paris7cab.com\/es\/wp-json\/wp\/v2\/pages\/220\/revisions\/378"}],"wp:attachment":[{"href":"https:\/\/paris7cab.com\/es\/wp-json\/wp\/v2\/media?parent=220"}],"curies":[{"name":"wp","href":"https:\/\/api.w.org\/{rel}","templated":true}]}}